{"id":4204,"date":"2015-06-08T00:06:44","date_gmt":"2015-06-08T00:06:44","guid":{"rendered":"http:\/\/2016.ride2freedom.org\/fr\/open-letter\/"},"modified":"2015-11-21T01:18:39","modified_gmt":"2015-11-21T01:18:39","slug":"lettre-ouverte","status":"publish","type":"page","link":"http:\/\/www.ride2freedom.org\/fr\/lettre-ouverte\/","title":{"rendered":"Lettre ouverte"},"content":{"rendered":"<p>Ci-dessous vous trouverez la lettre que nous avons envoy\u00e9e au Pr\u00e9sident Barack Obama des Etats-Unis d\u2019Am\u00e9rique. Par contre, la vid\u00e9o est en anglais.<\/p>\n<p>&#8212;<\/p>\n<p class=\"p1\"><iframe src=\"https:\/\/www.youtube.com\/embed\/w322Ix68UJQ\" width=\"560\" height=\"315\" frameborder=\"0\" allowfullscreen=\"allowfullscreen\"><\/iframe><\/p>\n<p>&#8212;<\/p>\n<p><span style=\"font-family: Times, serif;\"><span style=\"font-size: small;\"><span style=\"color: #000000;\"><span style=\"font-family: 'Times New Roman', serif;\"><span style=\"font-size: medium;\">Cher Pr\u00e9sident Barack Obama,<\/span><\/span><\/span><\/span><\/span><\/p>\n<p>Je m&#8217;appelle Annie Chen, je repr\u00e9sente les jeunes ambassadeurs de Ride 2 Freedom.<\/p>\n<p>Ride 2 Freedom est une \u00e9quipe de 25 jeunes repr\u00e9sentant 15 pays qui se sont engag\u00e9s dans un p\u00e9riple de 4\u00a0800 kilom\u00e8tres en v\u00e9lo \u00e0 travers les \u00c9tats-Unis pour sauver des enfants ayant perdu leurs parents au cours de la pers\u00e9cution du Falun Gong.<\/p>\n<p>Le g\u00e9nocide qui dure depuis 16 ans contre les pratiquants de Falun Gong a \u00e9t\u00e9 initi\u00e9 par l&#8217;ancien pr\u00e9sident chinois Jiang Zemin.<\/p>\n<p>Nous savons que vous \u00eates bien inform\u00e9 et avez d\u00e9j\u00e0 soutenu le Falun Gong, la pratique de m\u00e9ditation pacifique qui suit les principes Authenticit\u00e9 Bienveillance Tol\u00e9rance.<\/p>\n<p>Comme vous le savez aussi, les pratiquants de Falun Gong continuent d&#8217;\u00eatre emprisonn\u00e9s, tortur\u00e9s et assassin\u00e9s en raison de leurs convictions.<\/p>\n<p>Pire encore, les enfants de ces pratiquants sont laiss\u00e9s sans abri et sans personne pour s&#8217;occuper d&#8217;eux.<\/p>\n<p>Ride2 Freedom se soucie de ces victimes si innocentes.<\/p>\n<p>C&#8217;est pourquoi les jeunes ambassadeurs de Ride 2 Freedom ont pris la responsabilit\u00e9 de mettre fin \u00e0 ces atrocit\u00e9s.<\/p>\n<p>Certains de nos jeunes ambassadeurs ont une exp\u00e9rience personnelle de la pers\u00e9cution du Falun Gong.<\/p>\n<p>La grand-m\u00e8re d&#8217;Aila Verheijke a \u00e9t\u00e9 tortur\u00e9e jusqu&#8217;\u00e0 perdre la vue et l&#8217;ou\u00efe.<\/p>\n<p>La m\u00e8re de Jimmy Ma a \u00e9t\u00e9 emprisonn\u00e9e pendant un an et demi alors qu&#8217;il n&#8217;avait qu&#8217;un an.<\/p>\n<p>D&#8217;autres participants partagent les m\u00eames exp\u00e9riences.<\/p>\n<p>M. le Pr\u00e9sident Obama, vous \u00eates le dirigeant de la nation la plus puissante au monde, une nation fond\u00e9e sur le principe de la libert\u00e9 d&#8217;opinion.<\/p>\n<p>Nous demandons votre aide pour pr\u00e9senter Jiang Zemin \u00e0 la justice, gagner le soutien des dirigeants des pays de nos ambassadeurs et sauver la vie de cinq orphelins.<\/p>\n<p>Nous arriverons en v\u00e9lo \u00e0 Washington DC le 16 juillet.<\/p>\n<p>Nous esp\u00e9rons pouvoir vous rencontrer.<\/p>\n<p>Nous attendons de vous voir.<\/p>\n<p>Sinc\u00e8rement,<\/p>\n<p>Les jeunes ambassadeurs de Ride 2 Freedom d&#8217;Argentine, d&#8217;Autriche, de R\u00e9publique tch\u00e8que, de France, d&#8217;Allemagne, de Hong Kong, de Hongrie, d&#8217;Isra\u00ebl, d&#8217;Inde, d&#8217;Iran, du P\u00e9rou, de Singapour, de Chine et des \u00c9tats-Unis.<\/p>\n","protected":false},"excerpt":{"rendered":"<p>Ci-dessous vous trouverez la lettre que nous avons envoy\u00e9e au Pr\u00e9sident Barack Obama des Etats-Unis d\u2019Am\u00e9rique. Par contre, la vid\u00e9o est en anglais. &#8212; &#8212; Cher Pr\u00e9sident Barack Obama, Je m&#8217;appelle Annie Chen, je repr\u00e9sente les jeunes ambassadeurs de Ride 2 Freedom. Ride 2 Freedom est une \u00e9quipe de 25 jeunes repr\u00e9sentant 15 pays qui [&hellip;]<\/p>\n","protected":false},"author":1,"featured_media":0,"parent":0,"menu_order":0,"comment_status":"open","ping_status":"open","template":"","meta":{"ngg_post_thumbnail":0},"amp_validity":null,"amp_enabled":true,"_links":{"self":[{"href":"http:\/\/www.ride2freedom.org\/fr\/wp-json\/wp\/v2\/pages\/4204"}],"collection":[{"href":"http:\/\/www.ride2freedom.org\/fr\/wp-json\/wp\/v2\/pages"}],"about":[{"href":"http:\/\/www.ride2freedom.org\/fr\/wp-json\/wp\/v2\/types\/page"}],"author":[{"embeddable":true,"href":"http:\/\/www.ride2freedom.org\/fr\/wp-json\/wp\/v2\/users\/1"}],"replies":[{"embeddable":true,"href":"http:\/\/www.ride2freedom.org\/fr\/wp-json\/wp\/v2\/comments?post=4204"}],"version-history":[{"count":13,"href":"http:\/\/www.ride2freedom.org\/fr\/wp-json\/wp\/v2\/pages\/4204\/revisions"}],"predecessor-version":[{"id":4398,"href":"http:\/\/www.ride2freedom.org\/fr\/wp-json\/wp\/v2\/pages\/4204\/revisions\/4398"}],"wp:attachment":[{"href":"http:\/\/www.ride2freedom.org\/fr\/wp-json\/wp\/v2\/media?parent=4204"}],"curies":[{"name":"wp","href":"https:\/\/api.w.org\/{rel}","templated":true}]}}